{"id":397,"date":"2023-06-16T09:37:04","date_gmt":"2023-06-16T07:37:04","guid":{"rendered":"https:\/\/patiotime.loftocean.com\/demo11\/?page_id=397"},"modified":"2025-12-30T13:27:45","modified_gmt":"2025-12-30T12:27:45","slug":"sunday-brunch","status":"publish","type":"page","link":"https:\/\/muluxembourg.lu\/en\/sunday-brunch\/","title":{"rendered":"Sunday brunch"},"content":{"rendered":"<div data-elementor-type=\"wp-page\" data-elementor-id=\"397\" class=\"elementor elementor-397\">\n\t\t\t\t\t\t<section class=\"elementor-section elementor-top-section elementor-element elementor-element-5ce807f elementor-section-height-min-height pt-section-content-fullwidth pt-parallax-on-scroll pt_scroll_y_120 elementor-section-boxed elementor-section-height-default elementor-section-items-middle\" data-id=\"5ce807f\" data-element_type=\"section\" data-e-type=\"section\" data-settings=\"{&quot;background_background&quot;:&quot;classic&quot;}\" data-pt-parallax-y=\"120\" style=\"background-image: none;\" data-pt-background-image=\"https:\/\/muluxembourg.lu\/wp-content\/uploads\/2024\/09\/Brunch.jpg\">\n\t\t\t\t\t\t\t<div class=\"elementor-background-overlay\"><\/div>\n\t\t\t\t\t\t\t<div class=\"elementor-container elementor-column-gap-no\">\n\t\t\t\t\t<div class=\"elementor-column elementor-col-100 elementor-top-column elementor-element elementor-element-a50af53 dark-color\" data-id=\"a50af53\" data-element_type=\"column\" data-e-type=\"column\">\n\t\t\t<div class=\"elementor-widget-wrap elementor-element-populated\">\n\t\t\t\t\t\t<div class=\"elementor-element elementor-element-ba2cb9c elementor-widget elementor-widget-pt_title\" data-id=\"ba2cb9c\" data-element_type=\"widget\" data-e-type=\"widget\" data-widget_type=\"pt_title.default\">\n\t\t\t\t<div class=\"elementor-widget-container\">\n\t\t\t\t\t\n        <div class=\"pt-title-wrap text-center\">\t            <h1 class=\"pt-title\">\n\t                Sunday Brunch\t            <\/h1>        <\/div>\t\t\t\t<\/div>\n\t\t\t\t<\/div>\n\t\t\t\t\t<\/div>\n\t\t<\/div>\n\t\t\t\t\t<\/div>\n\t\t<\/section>\n\t\t\t\t<section class=\"elementor-section elementor-top-section elementor-element elementor-element-f4d9abe elementor-section-content-middle elementor-section-boxed elementor-section-height-default elementor-section-height-default\" data-id=\"f4d9abe\" data-element_type=\"section\" data-e-type=\"section\">\n\t\t\t\t\t\t<div class=\"elementor-container elementor-column-gap-no\">\n\t\t\t\t\t<div class=\"elementor-column elementor-col-100 elementor-top-column elementor-element elementor-element-d1d8c75\" data-id=\"d1d8c75\" data-element_type=\"column\" data-e-type=\"column\">\n\t\t\t<div class=\"elementor-widget-wrap elementor-element-populated\">\n\t\t\t\t\t\t<div class=\"elementor-element elementor-element-b7d15ad elementor-widget elementor-widget-pt_title\" data-id=\"b7d15ad\" data-element_type=\"widget\" data-e-type=\"widget\" data-widget_type=\"pt_title.default\">\n\t\t\t\t<div class=\"elementor-widget-container\">\n\t\t\t\t\t\n        <div class=\"pt-title-wrap text-center\">\t            <div class=\"pt-subtitle-wrap\"><span class=\"pt-subtitle\">Mu Luxembourg<\/span><\/div>\t            <h5 class=\"pt-title\">\n\t                Sunday Brunch\t            <\/h5>        <\/div>\t\t\t\t<\/div>\n\t\t\t\t<\/div>\n\t\t\t\t<div class=\"elementor-element elementor-element-3a1e997 elementor-widget elementor-widget-pt_title\" data-id=\"3a1e997\" data-element_type=\"widget\" data-e-type=\"widget\" data-widget_type=\"pt_title.default\">\n\t\t\t\t<div class=\"elementor-widget-container\">\n\t\t\t\t\t\n        <div class=\"pt-title-wrap text-center\">\t            <div class=\"pt-title-text\">\n\t                <p data-start=\"100\" data-end=\"346\"><strong data-start=\"100\" data-end=\"208\">Treat yourself to a special moment with our Sunday brunch at Restaurant Mu, in the heart of Luxembourg.<\/strong><br data-start=\"208\" data-end=\"211\" \/>Savor an unforgettable culinary experience with one of the most breathtaking views of the city, a UNESCO World Heritage site.<\/p><p data-start=\"348\" data-end=\"574\">Let yourself be tempted by our generous buffet, combining breakfast favorites with refined lunch flavors.<br data-start=\"474\" data-end=\"477\" \/>It\u2019s the perfect place to gather and share a delightful moment with friends or family.<\/p>\t            <\/div>        <\/div>\t\t\t\t<\/div>\n\t\t\t\t<\/div>\n\t\t\t\t\t<\/div>\n\t\t<\/div>\n\t\t\t\t\t<\/div>\n\t\t<\/section>\n\t\t\t\t<section class=\"elementor-section elementor-top-section elementor-element elementor-element-7d652da elementor-section-boxed elementor-section-height-default elementor-section-height-default\" data-id=\"7d652da\" data-element_type=\"section\" data-e-type=\"section\">\n\t\t\t\t\t\t<div class=\"elementor-container elementor-column-gap-default\">\n\t\t\t\t\t<div class=\"elementor-column elementor-col-100 elementor-top-column elementor-element elementor-element-85f7c13\" data-id=\"85f7c13\" data-element_type=\"column\" data-e-type=\"column\">\n\t\t\t<div class=\"elementor-widget-wrap elementor-element-populated\">\n\t\t\t\t\t\t<div class=\"elementor-element elementor-element-2469ce7 elementor-widget elementor-widget-pt_products\" data-id=\"2469ce7\" data-element_type=\"widget\" data-e-type=\"widget\" data-widget_type=\"pt_products.default\">\n\t\t\t\t<div class=\"elementor-widget-container\">\n\t\t\t\t\t            <div class=\"woocommerce\">\n    \t\t\t<ul class=\"products columns-4\">\n    \t\t\t\t<li class=\"product type-product post-2825 status-publish instock product_cat-brunch product_cat-brunch-edition-speciale product_cat-promo has-post-thumbnail shipping-taxable purchasable product-type-variable first\">\n\t\t\t\t\t \t\t\t<div class=\"product-image\"><a href=\"https:\/\/muluxembourg.lu\/en\/product\/sunday-brunch\/\" class=\"woocommerce-LoopProduct-link woocommerce-loop-product__link\"><img fetchpriority=\"high\" decoding=\"async\" width=\"300\" height=\"300\" src=\"https:\/\/muluxembourg.lu\/wp-content\/uploads\/2025\/09\/brunch-1-300x300.jpg\" class=\"attachment-woocommerce_thumbnail size-woocommerce_thumbnail\" alt=\"Sunday Brunch\" srcset=\"https:\/\/muluxembourg.lu\/wp-content\/uploads\/2025\/09\/brunch-1-300x300.jpg 300w, https:\/\/muluxembourg.lu\/wp-content\/uploads\/2025\/09\/brunch-1-1024x1024.jpg 1024w, https:\/\/muluxembourg.lu\/wp-content\/uploads\/2025\/09\/brunch-1-150x150.jpg 150w, https:\/\/muluxembourg.lu\/wp-content\/uploads\/2025\/09\/brunch-1-768x768.jpg 768w, https:\/\/muluxembourg.lu\/wp-content\/uploads\/2025\/09\/brunch-1-1536x1536.jpg 1536w, https:\/\/muluxembourg.lu\/wp-content\/uploads\/2025\/09\/brunch-1-12x12.jpg 12w, https:\/\/muluxembourg.lu\/wp-content\/uploads\/2025\/09\/brunch-1-1440x1440.jpg 1440w, https:\/\/muluxembourg.lu\/wp-content\/uploads\/2025\/09\/brunch-1-1200x1200.jpg 1200w, https:\/\/muluxembourg.lu\/wp-content\/uploads\/2025\/09\/brunch-1-780x780.jpg 780w, https:\/\/muluxembourg.lu\/wp-content\/uploads\/2025\/09\/brunch-1-600x600.jpg 600w, https:\/\/muluxembourg.lu\/wp-content\/uploads\/2025\/09\/brunch-1-550x550.jpg 550w, https:\/\/muluxembourg.lu\/wp-content\/uploads\/2025\/09\/brunch-1-370x370.jpg 370w, https:\/\/muluxembourg.lu\/wp-content\/uploads\/2025\/09\/brunch-1-255x255.jpg 255w, https:\/\/muluxembourg.lu\/wp-content\/uploads\/2025\/09\/brunch-1.jpg 1600w\" sizes=\"(max-width: 300px) 100vw, 300px\" \/><\/a>\t<span id=\"woocommerce_loop_add_to_cart_link_describedby_2825\" class=\"screen-reader-text\">\n\t\tThis product has multiple variants. The options may be chosen on the product page\t<\/span>\n\t\t<\/div><a href=\"https:\/\/muluxembourg.lu\/en\/product\/sunday-brunch\/\" class=\"woocommerce-LoopProduct-link woocommerce-loop-product__link\"><h2 class=\"woocommerce-loop-product__title\">Sunday Brunch<\/h2>\n\t<span class=\"price\"><span class=\"woocommerce-Price-amount amount\" aria-hidden=\"true\"><bdi>29,00&nbsp;<span class=\"woocommerce-Price-currencySymbol\">&euro;<\/span><\/bdi><\/span> <span aria-hidden=\"true\">&ndash;<\/span> <span class=\"woocommerce-Price-amount amount\" aria-hidden=\"true\"><bdi>57,00&nbsp;<span class=\"woocommerce-Price-currencySymbol\">&euro;<\/span><\/bdi><\/span><span class=\"screen-reader-text\" data-no-translation=\"\" data-trp-gettext=\"\">Price range: 29,00&nbsp;&euro; through 57,00&nbsp;&euro;<\/span><\/span>\n<div class=\"woocommerce-product-details__short-description\">\n\t<p>Treat yourself to an unforgettable culinary experience with our Sunday brunch at\u2026<\/p>\n<\/div>\n<\/a>    \t\t\t\t<\/li>\n    \t\t\t\t<li class=\"product type-product post-3576 status-publish instock product_cat-brunch-edition-speciale product_cat-events product_cat-promo has-post-thumbnail shipping-taxable purchasable product-type-variable\">\n\t\t\t\t\t \t\t\t<div class=\"product-image\"><a href=\"https:\/\/muluxembourg.lu\/en\/product\/brunch-fetes-des-meres\/\" class=\"woocommerce-LoopProduct-link woocommerce-loop-product__link\"><img decoding=\"async\" width=\"300\" height=\"300\" src=\"https:\/\/muluxembourg.lu\/wp-content\/uploads\/2026\/04\/2026-Brunch-Mothers-Day-v3-1-300x300.jpg\" class=\"attachment-woocommerce_thumbnail size-woocommerce_thumbnail\" alt=\"Brunch F\u00eate des M\u00e8res\" srcset=\"https:\/\/muluxembourg.lu\/wp-content\/uploads\/2026\/04\/2026-Brunch-Mothers-Day-v3-1-300x300.jpg 300w, https:\/\/muluxembourg.lu\/wp-content\/uploads\/2026\/04\/2026-Brunch-Mothers-Day-v3-1-1024x1024.jpg 1024w, https:\/\/muluxembourg.lu\/wp-content\/uploads\/2026\/04\/2026-Brunch-Mothers-Day-v3-1-150x150.jpg 150w, https:\/\/muluxembourg.lu\/wp-content\/uploads\/2026\/04\/2026-Brunch-Mothers-Day-v3-1-768x768.jpg 768w, https:\/\/muluxembourg.lu\/wp-content\/uploads\/2026\/04\/2026-Brunch-Mothers-Day-v3-1-1536x1536.jpg 1536w, https:\/\/muluxembourg.lu\/wp-content\/uploads\/2026\/04\/2026-Brunch-Mothers-Day-v3-1-12x12.jpg 12w, https:\/\/muluxembourg.lu\/wp-content\/uploads\/2026\/04\/2026-Brunch-Mothers-Day-v3-1-1920x1920.jpg 1920w, https:\/\/muluxembourg.lu\/wp-content\/uploads\/2026\/04\/2026-Brunch-Mothers-Day-v3-1-1440x1440.jpg 1440w, https:\/\/muluxembourg.lu\/wp-content\/uploads\/2026\/04\/2026-Brunch-Mothers-Day-v3-1-1200x1200.jpg 1200w, https:\/\/muluxembourg.lu\/wp-content\/uploads\/2026\/04\/2026-Brunch-Mothers-Day-v3-1-780x780.jpg 780w, https:\/\/muluxembourg.lu\/wp-content\/uploads\/2026\/04\/2026-Brunch-Mothers-Day-v3-1-600x600.jpg 600w, https:\/\/muluxembourg.lu\/wp-content\/uploads\/2026\/04\/2026-Brunch-Mothers-Day-v3-1-550x550.jpg 550w, https:\/\/muluxembourg.lu\/wp-content\/uploads\/2026\/04\/2026-Brunch-Mothers-Day-v3-1-370x370.jpg 370w, https:\/\/muluxembourg.lu\/wp-content\/uploads\/2026\/04\/2026-Brunch-Mothers-Day-v3-1-255x255.jpg 255w, https:\/\/muluxembourg.lu\/wp-content\/uploads\/2026\/04\/2026-Brunch-Mothers-Day-v3-1.jpg 2000w\" sizes=\"(max-width: 300px) 100vw, 300px\" \/><\/a>\t<span id=\"woocommerce_loop_add_to_cart_link_describedby_3576\" class=\"screen-reader-text\">\n\t\tThis product has multiple variants. The options may be chosen on the product page\t<\/span>\n\t\t<\/div><a href=\"https:\/\/muluxembourg.lu\/en\/product\/brunch-fetes-des-meres\/\" class=\"woocommerce-LoopProduct-link woocommerce-loop-product__link\"><h2 class=\"woocommerce-loop-product__title\">Mother\u2019s Day brunch<\/h2>\n\t<span class=\"price\"><span class=\"woocommerce-Price-amount amount\" aria-hidden=\"true\"><bdi>35,00&nbsp;<span class=\"woocommerce-Price-currencySymbol\">&euro;<\/span><\/bdi><\/span> <span aria-hidden=\"true\">&ndash;<\/span> <span class=\"woocommerce-Price-amount amount\" aria-hidden=\"true\"><bdi>95,00&nbsp;<span class=\"woocommerce-Price-currencySymbol\">&euro;<\/span><\/bdi><\/span><span class=\"screen-reader-text\" data-no-translation=\"\" data-trp-gettext=\"\">Price range: 35,00&nbsp;&euro; through 95,00&nbsp;&euro;<\/span><\/span>\n<div class=\"woocommerce-product-details__short-description\">\n\t<p>Celebrate Mother\u2019s Day with elegance at Mu Luxembourg<\/p>\n<\/div>\n<\/a>    \t\t\t\t<\/li>    \t\t\t<\/ul>            <\/div>\t\t\t\t<\/div>\n\t\t\t\t<\/div>\n\t\t\t\t\t<\/div>\n\t\t<\/div>\n\t\t\t\t\t<\/div>\n\t\t<\/section>\n\t\t\t\t<\/div>","protected":false},"excerpt":{"rendered":"<p>Sunday Brunch Mu Luxembourg Sunday Brunch Offrez-vous un moment d\u2019exception avec notre Sunday brunch au Restaurant Mu, au c\u0153ur de Luxembourg.Savourez une exp\u00e9rience culinaire inoubliable face \u00e0 l\u2019une des plus belles vues de la ville, class\u00e9e au patrimoine mondial de l\u2019UNESCO. Laissez-vous tenter par notre g\u00e9n\u00e9reux buffet, m\u00ealant les incontournables du petit-d\u00e9jeuner aux saveurs raffin\u00e9es &#8230;<\/p>","protected":false},"author":1,"featured_media":0,"parent":0,"menu_order":0,"comment_status":"closed","ping_status":"closed","template":"template-wide-content.php","meta":{"patiotime_single_page_hide_site_header":"","patiotime_single_page_site_header_source":"","patiotime_single_page_custom_site_header":"0","patiotime_single_page_custom_sticky_site_header":"0","patiotime_single_page_hide_page_title":"on","patiotime_single_page_header_section_size":"","patiotime_single_page_header_background_color":"","patiotime_single_page_header_background_position_x":"center","patiotime_single_page_header_background_position_y":"center","patiotime_single_page_header_background_size":"cover","patiotime_single_page_header_background_repeat":"off","patiotime_single_page_header_background_scroll":"on","patiotime_single_page_header_text_color":"","patiotime_single_page_header_show_breadcrumb":"","patiotime_single_page_site_footer_hide_main":"","patiotime_single_custom_site_footer_main_source":"","patiotime_single_custom_site_footer_main":"0","patiotime_single_page_site_footer_hide_above":"","patiotime_single_custom_site_footer_above_source":"","patiotime_single_custom_site_footer_above":"0","patiotime_single_page_site_footer_hide_instagram":"","patiotime_single_page_site_footer_hide_bottom":"","patiotime_single_custom_mobile_menu_source":"","patiotime_single_custom_mobile_menu":"0","patiotime_single_custom_mobile_menu_animation":"","patiotime_single_custom_mobile_menu_width":"","patiotime_single_custom_mobile_menu_custom_width":375,"footnotes":""},"class_list":["post-397","page","type-page","status-publish","hentry"],"_links":{"self":[{"href":"https:\/\/muluxembourg.lu\/en\/wp-json\/wp\/v2\/pages\/397","targetHints":{"allow":["GET"]}}],"collection":[{"href":"https:\/\/muluxembourg.lu\/en\/wp-json\/wp\/v2\/pages"}],"about":[{"href":"https:\/\/muluxembourg.lu\/en\/wp-json\/wp\/v2\/types\/page"}],"author":[{"embeddable":true,"href":"https:\/\/muluxembourg.lu\/en\/wp-json\/wp\/v2\/users\/1"}],"replies":[{"embeddable":true,"href":"https:\/\/muluxembourg.lu\/en\/wp-json\/wp\/v2\/comments?post=397"}],"version-history":[{"count":194,"href":"https:\/\/muluxembourg.lu\/en\/wp-json\/wp\/v2\/pages\/397\/revisions"}],"predecessor-version":[{"id":3312,"href":"https:\/\/muluxembourg.lu\/en\/wp-json\/wp\/v2\/pages\/397\/revisions\/3312"}],"wp:attachment":[{"href":"https:\/\/muluxembourg.lu\/en\/wp-json\/wp\/v2\/media?parent=397"}],"curies":[{"name":"wp","href":"https:\/\/api.w.org\/{rel}","templated":true}]}}