{"id":3646,"date":"2026-05-11T13:28:05","date_gmt":"2026-05-11T11:28:05","guid":{"rendered":"https:\/\/muluxembourg.lu\/?post_type=product&#038;p=3646"},"modified":"2026-05-11T17:20:22","modified_gmt":"2026-05-11T15:20:22","slug":"fete-nationale","status":"publish","type":"product","link":"https:\/\/muluxembourg.lu\/en\/product\/fete-nationale\/","title":{"rendered":"The National Day"},"content":{"rendered":"<h4 style=\"text-align: center;\"><strong>~<\/strong><\/h4>\n<h4 style=\"text-align: center;\">Breton lobster<\/h4>\n<p style=\"text-align: center;\"><em>Cauliflower cream with wasabi oil<\/em><\/p>\n<p style=\"text-align: center;\">~<\/p>\n<h4 style=\"text-align: center;\">Line-caught John Dory<\/h4>\n<p style=\"text-align: center;\"><em>Courgette flower, mint and peas<\/em><\/p>\n<p style=\"text-align: center;\">~<\/p>\n<h4 style=\"text-align: center;\">Cherry and vintage cr\u00e9mant<\/h4>\n<p style=\"text-align: center;\"><em>Cerise et cr\u00e9mant mill\u00e9sim\u00e9<\/em><\/p>\n<h4 style=\"text-align: center;\">~<\/h4>\n<h4 style=\"text-align: center;\">Lightly smoked Luxembourg beef fillet<\/h4>\n<p style=\"text-align: center;\"><em>Morels, white asparagus<\/em><\/p>\n<p style=\"text-align: center;\">~<\/p>\n<h4 style=\"text-align: center;\">Morels, white asparagus<\/h4>\n<p style=\"text-align: center;\"><em>Exceptional 30-month aged Comt\u00e9 cheese<br \/>\nSpiced onion chutney<\/em><\/p>\n<p style=\"text-align: center;\">~<\/p>\n<h4 style=\"text-align: center;\"><strong>Chocolate dessert<\/strong><\/h4>\n<p style=\"text-align: center;\"><em>W\u00e9pion strawberries, olive oil and organic Waina chocolate<\/em><\/p>\n<p style=\"text-align: center;\">~<\/p>\n<h4 style=\"text-align: center;\"><strong>Indulgence<\/strong><\/h4>\n<p style=\"text-align: center;\"><em>Surprise sweet bite<\/em><\/p>","protected":false},"excerpt":{"rendered":"<\/p>\n<p data-start=\"0\" data-end=\"85\">Celebrate National Day at Mu Luxembourg during an exceptional gala evening.<\/p>\n<p data-start=\"87\" data-end=\"218\">Perched at the top of the Sofitel Luxembourg Le Grand Ducal, enjoy a unique panoramic view of the capital and its fireworks display.<\/p>\n<p data-start=\"220\" data-end=\"340\">Our Chef Yann Castano and his team present a refined and generous menu, specially created for the occasion.<\/p>\n<p data-start=\"342\" data-end=\"477\">A glass of champagne will be offered during the fireworks, in an elegant atmosphere enhanced by a live piano and vocal performance.<\/p>\n<p data-start=\"479\" data-end=\"561\" data-is-last-node=\"\" data-is-only-node=\"\">A unique evening combining gastronomy, music, and a spectacular view over Luxembourg.<\/p>","protected":false},"featured_media":3647,"template":"","meta":[],"product_brand":[],"product_cat":[28,26],"product_tag":[],"class_list":{"0":"post-3646","1":"product","2":"type-product","3":"status-publish","4":"has-post-thumbnail","6":"product_cat-events","7":"product_cat-non-classe","9":"first","10":"instock","11":"shipping-taxable","12":"purchasable","13":"product-type-variable"},"_links":{"self":[{"href":"https:\/\/muluxembourg.lu\/en\/wp-json\/wp\/v2\/product\/3646","targetHints":{"allow":["GET"]}}],"collection":[{"href":"https:\/\/muluxembourg.lu\/en\/wp-json\/wp\/v2\/product"}],"about":[{"href":"https:\/\/muluxembourg.lu\/en\/wp-json\/wp\/v2\/types\/product"}],"wp:featuredmedia":[{"embeddable":true,"href":"https:\/\/muluxembourg.lu\/en\/wp-json\/wp\/v2\/media\/3647"}],"wp:attachment":[{"href":"https:\/\/muluxembourg.lu\/en\/wp-json\/wp\/v2\/media?parent=3646"}],"wp:term":[{"taxonomy":"product_brand","embeddable":true,"href":"https:\/\/muluxembourg.lu\/en\/wp-json\/wp\/v2\/product_brand?post=3646"},{"taxonomy":"product_cat","embeddable":true,"href":"https:\/\/muluxembourg.lu\/en\/wp-json\/wp\/v2\/product_cat?post=3646"},{"taxonomy":"product_tag","embeddable":true,"href":"https:\/\/muluxembourg.lu\/en\/wp-json\/wp\/v2\/product_tag?post=3646"}],"curies":[{"name":"wp","href":"https:\/\/api.w.org\/{rel}","templated":true}]}}